{"id":14,"date":"2014-01-20T20:32:57","date_gmt":"2014-01-20T19:32:57","guid":{"rendered":"http:\/\/blog.overgen.com\/messi89\/?page_id=14"},"modified":"2024-02-07T18:41:43","modified_gmt":"2024-02-07T17:41:43","slug":"a-propos","status":"publish","type":"page","link":"https:\/\/blog.overgen.com\/messi89\/a-propos\/","title":{"rendered":"A propos"},"content":{"rendered":"<p style=\"text-align: justify; float: left; margin-right: 10px; margin-bottom: 10px; padding-top: 5px;\"><a href=\"http:\/\/blog.overgen.com\/messi89\/wp-content\/uploads\/2014\/01\/amine-bio.png\" rel=\"attachment wp-att-113\"><img loading=\"lazy\" decoding=\"async\" class=\"alignleft wp-image-123 size-medium\" src=\"http:\/\/blog.overgen.com\/messi89\/wp-content\/uploads\/2014\/01\/amine-bio-300x300.png\" alt=\"\" width=\"300\" height=\"300\" srcset=\"https:\/\/blog.overgen.com\/messi89\/wp-content\/uploads\/2014\/01\/amine-bio-300x300.png 300w, https:\/\/blog.overgen.com\/messi89\/wp-content\/uploads\/2014\/01\/amine-bio-150x150.png 150w, https:\/\/blog.overgen.com\/messi89\/wp-content\/uploads\/2014\/01\/amine-bio-100x100.png 100w, https:\/\/blog.overgen.com\/messi89\/wp-content\/uploads\/2014\/01\/amine-bio-336x336.png 336w, https:\/\/blog.overgen.com\/messi89\/wp-content\/uploads\/2014\/01\/amine-bio.png 500w\" sizes=\"auto, (max-width: 300px) 100vw, 300px\" \/><\/a><\/p>\n<p style=\"text-align: justify;\">Je m&rsquo;appelle Amine Abaoub, et je suis un passionn\u00e9 de technologie depuis mon plus jeune \u00e2ge. Titulaire d&rsquo;un Master en R\u00e9seaux et Syst\u00e8mes Distribu\u00e9s, j&rsquo;ai toujours \u00e9t\u00e9 fascin\u00e9 par le d\u00e9veloppement et les jeux vid\u00e9o.<\/p>\n<p style=\"text-align: justify;\">En 2011, j&rsquo;ai eu l&rsquo;honneur d&rsquo;organiser le tout premier concours de d\u00e9veloppement de jeux vid\u00e9o en Alg\u00e9rie, le XNA Game Challenge, une exp\u00e9rience qui a \u00e9t\u00e9 enrichissante tant sur le plan professionnel que personnel.<\/p>\n<p style=\"text-align: justify;\">En 2013, apr\u00e8s avoir rejoint un programme d&rsquo;incubation, j&rsquo;ai concr\u00e9tis\u00e9 mon r\u00eave en lan\u00e7ant ma propre startup. Sp\u00e9cialis\u00e9e dans l&rsquo;advertsing, les serious games et le d\u00e9veloppement d&rsquo;applications mobiles, notre entreprise a \u00e9t\u00e9 r\u00e9compens\u00e9e en 2015 par le titre de meilleur jeu sur mobile lors du concours Fikra by Djezzy.<\/p>\n<p style=\"text-align: justify;\">Pendant cette p\u00e9riode, j&rsquo;ai assum\u00e9 le r\u00f4le de CTO et me suis investi en tant que d\u00e9veloppeur backend et game developer, ce qui m&rsquo;a permis d&rsquo;approfondir mes comp\u00e9tences et de relever de nombreux d\u00e9fis stimulants.<\/p>\n<p style=\"text-align: justify;\">En 2020, j&rsquo;ai rejoint Whitebay Limited en tant que CTO, puis j&rsquo;ai \u00e9t\u00e9 promu COO. Dans cette nouvelle position, je supervise une \u00e9quipe talentueuse de d\u00e9veloppeurs backend et frontend, mettant \u00e0 profit mon exp\u00e9rience pour accompagner nos partenaires dans leur transformation digitale.<\/p>\n<p style=\"text-align: justify;\">Cette aventure entrepreneuriale m&rsquo;a permis de d\u00e9velopper non seulement mes comp\u00e9tences professionnelles, mais aussi ma vision strat\u00e9gique et mon leadership, me permettant ainsi de contribuer de mani\u00e8re significative au domaine des nouvelles technologies.<\/p>\n<p style=\"text-align: justify;\">J&rsquo;esp\u00e8re que mon blog vous apportera un plus, pour plus d&rsquo;action dans le code.<\/p>\n","protected":false},"excerpt":{"rendered":"<p>Je m&rsquo;appelle Amine Abaoub, et je suis un passionn\u00e9 de technologie depuis mon plus jeune \u00e2ge. Titulaire d&rsquo;un Master en R\u00e9seaux et Syst\u00e8mes Distribu\u00e9s, j&rsquo;ai toujours \u00e9t\u00e9 fascin\u00e9 par le d\u00e9veloppement et les jeux vid\u00e9o. En 2011, j&rsquo;ai eu l&rsquo;honneur d&rsquo;organiser le tout premier concours de d\u00e9veloppement de jeux vid\u00e9o en Alg\u00e9rie, le XNA Game [&hellip;]<\/p>\n","protected":false},"author":1,"featured_media":0,"parent":0,"menu_order":0,"comment_status":"open","ping_status":"open","template":"","meta":{"footnotes":""},"class_list":["post-14","page","type-page","status-publish","hentry"],"yoast_head":"<!-- This site is optimized with the Yoast SEO plugin v27.2 - https:\/\/yoast.com\/product\/yoast-seo-wordpress\/ -->\n<title>A propos ~ Messi89&#039;s blog<\/title>\n<meta name=\"robots\" content=\"index, follow, max-snippet:-1, max-image-preview:large, max-video-preview:-1\" \/>\n<link rel=\"canonical\" href=\"https:\/\/blog.overgen.com\/messi89\/a-propos\/\" \/>\n<meta property=\"og:locale\" content=\"fr_FR\" \/>\n<meta property=\"og:type\" content=\"article\" \/>\n<meta property=\"og:title\" content=\"A propos ~ Messi89&#039;s blog\" \/>\n<meta property=\"og:description\" content=\"Je m&rsquo;appelle Amine Abaoub, et je suis un passionn\u00e9 de technologie depuis mon plus jeune \u00e2ge. Titulaire d&rsquo;un Master en R\u00e9seaux et Syst\u00e8mes Distribu\u00e9s, j&rsquo;ai toujours \u00e9t\u00e9 fascin\u00e9 par le d\u00e9veloppement et les jeux vid\u00e9o. En 2011, j&rsquo;ai eu l&rsquo;honneur d&rsquo;organiser le tout premier concours de d\u00e9veloppement de jeux vid\u00e9o en Alg\u00e9rie, le XNA Game [&hellip;]\" \/>\n<meta property=\"og:url\" content=\"https:\/\/blog.overgen.com\/messi89\/a-propos\/\" \/>\n<meta property=\"og:site_name\" content=\"Messi89&#039;s blog\" \/>\n<meta property=\"article:modified_time\" content=\"2024-02-07T17:41:43+00:00\" \/>\n<meta property=\"og:image\" content=\"http:\/\/blog.overgen.com\/messi89\/wp-content\/uploads\/2014\/01\/amine-bio-300x300.png\" \/>\n<meta name=\"twitter:card\" content=\"summary_large_image\" \/>\n<meta name=\"twitter:site\" content=\"@messi89minou\" \/>\n<meta name=\"twitter:label1\" content=\"Dur\u00e9e de lecture estim\u00e9e\" \/>\n\t<meta name=\"twitter:data1\" content=\"2 minutes\" \/>\n<script type=\"application\/ld+json\" class=\"yoast-schema-graph\">{\"@context\":\"https:\/\/schema.org\",\"@graph\":[{\"@type\":\"WebPage\",\"@id\":\"https:\/\/blog.overgen.com\/messi89\/a-propos\/\",\"url\":\"https:\/\/blog.overgen.com\/messi89\/a-propos\/\",\"name\":\"A propos ~ Messi89&#039;s blog\",\"isPartOf\":{\"@id\":\"https:\/\/blog.overgen.com\/messi89\/#website\"},\"primaryImageOfPage\":{\"@id\":\"https:\/\/blog.overgen.com\/messi89\/a-propos\/#primaryimage\"},\"image\":{\"@id\":\"https:\/\/blog.overgen.com\/messi89\/a-propos\/#primaryimage\"},\"thumbnailUrl\":\"http:\/\/blog.overgen.com\/messi89\/wp-content\/uploads\/2014\/01\/amine-bio-300x300.png\",\"datePublished\":\"2014-01-20T19:32:57+00:00\",\"dateModified\":\"2024-02-07T17:41:43+00:00\",\"breadcrumb\":{\"@id\":\"https:\/\/blog.overgen.com\/messi89\/a-propos\/#breadcrumb\"},\"inLanguage\":\"fr-FR\",\"potentialAction\":[{\"@type\":\"ReadAction\",\"target\":[\"https:\/\/blog.overgen.com\/messi89\/a-propos\/\"]}]},{\"@type\":\"ImageObject\",\"inLanguage\":\"fr-FR\",\"@id\":\"https:\/\/blog.overgen.com\/messi89\/a-propos\/#primaryimage\",\"url\":\"https:\/\/blog.overgen.com\/messi89\/wp-content\/uploads\/2014\/01\/amine-bio.png\",\"contentUrl\":\"https:\/\/blog.overgen.com\/messi89\/wp-content\/uploads\/2014\/01\/amine-bio.png\",\"width\":500,\"height\":500},{\"@type\":\"BreadcrumbList\",\"@id\":\"https:\/\/blog.overgen.com\/messi89\/a-propos\/#breadcrumb\",\"itemListElement\":[{\"@type\":\"ListItem\",\"position\":1,\"name\":\"Accueil\",\"item\":\"https:\/\/blog.overgen.com\/messi89\/\"},{\"@type\":\"ListItem\",\"position\":2,\"name\":\"A propos\"}]},{\"@type\":\"WebSite\",\"@id\":\"https:\/\/blog.overgen.com\/messi89\/#website\",\"url\":\"https:\/\/blog.overgen.com\/messi89\/\",\"name\":\"Messi89&#039;s blog\",\"description\":\"De l&#039;action dans le code {  }\",\"publisher\":{\"@id\":\"https:\/\/blog.overgen.com\/messi89\/#\/schema\/person\/d212f5045c7feebd97fb10f743e1a892\"},\"potentialAction\":[{\"@type\":\"SearchAction\",\"target\":{\"@type\":\"EntryPoint\",\"urlTemplate\":\"https:\/\/blog.overgen.com\/messi89\/?s={search_term_string}\"},\"query-input\":{\"@type\":\"PropertyValueSpecification\",\"valueRequired\":true,\"valueName\":\"search_term_string\"}}],\"inLanguage\":\"fr-FR\"},{\"@type\":[\"Person\",\"Organization\"],\"@id\":\"https:\/\/blog.overgen.com\/messi89\/#\/schema\/person\/d212f5045c7feebd97fb10f743e1a892\",\"name\":\"messi89\",\"image\":{\"@type\":\"ImageObject\",\"inLanguage\":\"fr-FR\",\"@id\":\"https:\/\/secure.gravatar.com\/avatar\/476325cad08026ef2f47662b9590b416221ae3fb36553e097f15eb7f5be9f979?s=96&r=g\",\"url\":\"https:\/\/secure.gravatar.com\/avatar\/476325cad08026ef2f47662b9590b416221ae3fb36553e097f15eb7f5be9f979?s=96&r=g\",\"contentUrl\":\"https:\/\/secure.gravatar.com\/avatar\/476325cad08026ef2f47662b9590b416221ae3fb36553e097f15eb7f5be9f979?s=96&r=g\",\"caption\":\"messi89\"},\"logo\":{\"@id\":\"https:\/\/secure.gravatar.com\/avatar\/476325cad08026ef2f47662b9590b416221ae3fb36553e097f15eb7f5be9f979?s=96&r=g\"},\"sameAs\":[\"http:\/\/blog.overgen.com\/messi89\",\"https:\/\/x.com\/@messi89minou\"]}]}<\/script>\n<!-- \/ Yoast SEO plugin. -->","yoast_head_json":{"title":"A propos ~ Messi89&#039;s blog","robots":{"index":"index","follow":"follow","max-snippet":"max-snippet:-1","max-image-preview":"max-image-preview:large","max-video-preview":"max-video-preview:-1"},"canonical":"https:\/\/blog.overgen.com\/messi89\/a-propos\/","og_locale":"fr_FR","og_type":"article","og_title":"A propos ~ Messi89&#039;s blog","og_description":"Je m&rsquo;appelle Amine Abaoub, et je suis un passionn\u00e9 de technologie depuis mon plus jeune \u00e2ge. Titulaire d&rsquo;un Master en R\u00e9seaux et Syst\u00e8mes Distribu\u00e9s, j&rsquo;ai toujours \u00e9t\u00e9 fascin\u00e9 par le d\u00e9veloppement et les jeux vid\u00e9o. En 2011, j&rsquo;ai eu l&rsquo;honneur d&rsquo;organiser le tout premier concours de d\u00e9veloppement de jeux vid\u00e9o en Alg\u00e9rie, le XNA Game [&hellip;]","og_url":"https:\/\/blog.overgen.com\/messi89\/a-propos\/","og_site_name":"Messi89&#039;s blog","article_modified_time":"2024-02-07T17:41:43+00:00","og_image":[{"url":"http:\/\/blog.overgen.com\/messi89\/wp-content\/uploads\/2014\/01\/amine-bio-300x300.png","type":"","width":"","height":""}],"twitter_card":"summary_large_image","twitter_site":"@messi89minou","twitter_misc":{"Dur\u00e9e de lecture estim\u00e9e":"2 minutes"},"schema":{"@context":"https:\/\/schema.org","@graph":[{"@type":"WebPage","@id":"https:\/\/blog.overgen.com\/messi89\/a-propos\/","url":"https:\/\/blog.overgen.com\/messi89\/a-propos\/","name":"A propos ~ Messi89&#039;s blog","isPartOf":{"@id":"https:\/\/blog.overgen.com\/messi89\/#website"},"primaryImageOfPage":{"@id":"https:\/\/blog.overgen.com\/messi89\/a-propos\/#primaryimage"},"image":{"@id":"https:\/\/blog.overgen.com\/messi89\/a-propos\/#primaryimage"},"thumbnailUrl":"http:\/\/blog.overgen.com\/messi89\/wp-content\/uploads\/2014\/01\/amine-bio-300x300.png","datePublished":"2014-01-20T19:32:57+00:00","dateModified":"2024-02-07T17:41:43+00:00","breadcrumb":{"@id":"https:\/\/blog.overgen.com\/messi89\/a-propos\/#breadcrumb"},"inLanguage":"fr-FR","potentialAction":[{"@type":"ReadAction","target":["https:\/\/blog.overgen.com\/messi89\/a-propos\/"]}]},{"@type":"ImageObject","inLanguage":"fr-FR","@id":"https:\/\/blog.overgen.com\/messi89\/a-propos\/#primaryimage","url":"https:\/\/blog.overgen.com\/messi89\/wp-content\/uploads\/2014\/01\/amine-bio.png","contentUrl":"https:\/\/blog.overgen.com\/messi89\/wp-content\/uploads\/2014\/01\/amine-bio.png","width":500,"height":500},{"@type":"BreadcrumbList","@id":"https:\/\/blog.overgen.com\/messi89\/a-propos\/#breadcrumb","itemListElement":[{"@type":"ListItem","position":1,"name":"Accueil","item":"https:\/\/blog.overgen.com\/messi89\/"},{"@type":"ListItem","position":2,"name":"A propos"}]},{"@type":"WebSite","@id":"https:\/\/blog.overgen.com\/messi89\/#website","url":"https:\/\/blog.overgen.com\/messi89\/","name":"Messi89&#039;s blog","description":"De l&#039;action dans le code {  }","publisher":{"@id":"https:\/\/blog.overgen.com\/messi89\/#\/schema\/person\/d212f5045c7feebd97fb10f743e1a892"},"potentialAction":[{"@type":"SearchAction","target":{"@type":"EntryPoint","urlTemplate":"https:\/\/blog.overgen.com\/messi89\/?s={search_term_string}"},"query-input":{"@type":"PropertyValueSpecification","valueRequired":true,"valueName":"search_term_string"}}],"inLanguage":"fr-FR"},{"@type":["Person","Organization"],"@id":"https:\/\/blog.overgen.com\/messi89\/#\/schema\/person\/d212f5045c7feebd97fb10f743e1a892","name":"messi89","image":{"@type":"ImageObject","inLanguage":"fr-FR","@id":"https:\/\/secure.gravatar.com\/avatar\/476325cad08026ef2f47662b9590b416221ae3fb36553e097f15eb7f5be9f979?s=96&r=g","url":"https:\/\/secure.gravatar.com\/avatar\/476325cad08026ef2f47662b9590b416221ae3fb36553e097f15eb7f5be9f979?s=96&r=g","contentUrl":"https:\/\/secure.gravatar.com\/avatar\/476325cad08026ef2f47662b9590b416221ae3fb36553e097f15eb7f5be9f979?s=96&r=g","caption":"messi89"},"logo":{"@id":"https:\/\/secure.gravatar.com\/avatar\/476325cad08026ef2f47662b9590b416221ae3fb36553e097f15eb7f5be9f979?s=96&r=g"},"sameAs":["http:\/\/blog.overgen.com\/messi89","https:\/\/x.com\/@messi89minou"]}]}},"_links":{"self":[{"href":"https:\/\/blog.overgen.com\/messi89\/wp-json\/wp\/v2\/pages\/14","targetHints":{"allow":["GET"]}}],"collection":[{"href":"https:\/\/blog.overgen.com\/messi89\/wp-json\/wp\/v2\/pages"}],"about":[{"href":"https:\/\/blog.overgen.com\/messi89\/wp-json\/wp\/v2\/types\/page"}],"author":[{"embeddable":true,"href":"https:\/\/blog.overgen.com\/messi89\/wp-json\/wp\/v2\/users\/1"}],"replies":[{"embeddable":true,"href":"https:\/\/blog.overgen.com\/messi89\/wp-json\/wp\/v2\/comments?post=14"}],"version-history":[{"count":28,"href":"https:\/\/blog.overgen.com\/messi89\/wp-json\/wp\/v2\/pages\/14\/revisions"}],"predecessor-version":[{"id":340,"href":"https:\/\/blog.overgen.com\/messi89\/wp-json\/wp\/v2\/pages\/14\/revisions\/340"}],"wp:attachment":[{"href":"https:\/\/blog.overgen.com\/messi89\/wp-json\/wp\/v2\/media?parent=14"}],"curies":[{"name":"wp","href":"https:\/\/api.w.org\/{rel}","templated":true}]}}